{"id":1111,"date":"2026-05-05T19:36:34","date_gmt":"2026-05-05T19:36:34","guid":{"rendered":"https:\/\/webtipsterpage.korvusinc.com\/?page_id=1111"},"modified":"2026-05-05T19:36:36","modified_gmt":"2026-05-05T19:36:36","slug":"politica-de-devoluciones","status":"publish","type":"page","link":"https:\/\/www.tipsterpage.com\/en\/politica-de-devoluciones\/","title":{"rendered":"Pol\u00edtica de Devoluciones"},"content":{"rendered":"<div data-elementor-type=\"wp-page\" data-elementor-id=\"1111\" class=\"elementor elementor-1111\" data-elementor-post-type=\"page\">\n\t\t\t\t\t\t<section class=\"elementor-section elementor-top-section elementor-element elementor-element-77844764 elementor-section-height-full elementor-section-boxed elementor-section-height-default elementor-section-items-middle\" data-id=\"77844764\" data-element_type=\"section\" data-e-type=\"section\" data-settings=\"{&quot;background_background&quot;:&quot;classic&quot;}\">\n\t\t\t\t\t\t\t<div class=\"elementor-background-overlay\"><\/div>\n\t\t\t\t\t\t\t<div class=\"elementor-container elementor-column-gap-default\">\n\t\t\t\t\t<div class=\"elementor-column elementor-col-100 elementor-top-column elementor-element elementor-element-497a6753\" data-id=\"497a6753\" data-element_type=\"column\" data-e-type=\"column\" data-settings=\"{&quot;background_background&quot;:&quot;classic&quot;}\">\n\t\t\t<div class=\"elementor-widget-wrap elementor-element-populated\">\n\t\t\t\t\t\t<div class=\"elementor-element elementor-element-23d70194 elementor-invisible elementor-widget elementor-widget-heading\" data-id=\"23d70194\" data-element_type=\"widget\" data-e-type=\"widget\" data-settings=\"{&quot;_animation&quot;:&quot;fadeInLeft&quot;}\" data-widget_type=\"heading.default\">\n\t\t\t\t\t<h1 class=\"elementor-heading-title elementor-size-default\">Pol\u00edtica de devoluciones plataforma TipsterPage... <br><\/h1>\t\t\t\t<\/div>\n\t\t\t\t<div class=\"elementor-element elementor-element-4c7e870b elementor-invisible elementor-widget elementor-widget-text-editor\" data-id=\"4c7e870b\" data-element_type=\"widget\" data-e-type=\"widget\" data-settings=\"{&quot;_animation&quot;:&quot;fadeInLeft&quot;}\" data-widget_type=\"text-editor.default\">\n\t\t\t\t\t\t\t\t\t<p>Tipsterpage.com &#8211; Plataforma online de gesti\u00f3n de clientes e identidad digital<\/p>\t\t\t\t\t\t\t\t<\/div>\n\t\t\t\t\t<\/div>\n\t\t<\/div>\n\t\t\t\t\t<\/div>\n\t\t<\/section>\n\t\t\t\t<section class=\"elementor-section elementor-top-section elementor-element elementor-element-2142f1a4 elementor-section-content-middle elementor-section-boxed elementor-section-height-default elementor-section-height-default\" data-id=\"2142f1a4\" data-element_type=\"section\" data-e-type=\"section\" id=\"somos\" data-settings=\"{&quot;background_background&quot;:&quot;classic&quot;}\">\n\t\t\t\t\t\t\t<div class=\"elementor-background-overlay\"><\/div>\n\t\t\t\t\t\t\t<div class=\"elementor-container elementor-column-gap-default\">\n\t\t\t\t\t<div class=\"elementor-column elementor-col-100 elementor-top-column elementor-element elementor-element-3c6bcdbd\" data-id=\"3c6bcdbd\" data-element_type=\"column\" data-e-type=\"column\">\n\t\t\t<div class=\"elementor-widget-wrap elementor-element-populated\">\n\t\t\t\t\t\t<section class=\"elementor-section elementor-inner-section elementor-element elementor-element-1a7d7e2 elementor-section-boxed elementor-section-height-default elementor-section-height-default\" data-id=\"1a7d7e2\" data-element_type=\"section\" data-e-type=\"section\">\n\t\t\t\t\t\t<div class=\"elementor-container elementor-column-gap-default\">\n\t\t\t\t\t<div class=\"elementor-column elementor-col-100 elementor-inner-column elementor-element elementor-element-381acd1c\" data-id=\"381acd1c\" data-element_type=\"column\" data-e-type=\"column\">\n\t\t\t<div class=\"elementor-widget-wrap elementor-element-populated\">\n\t\t\t\t\t\t<div class=\"elementor-element elementor-element-5fc52091 elementor-widget elementor-widget-icon-box\" data-id=\"5fc52091\" data-element_type=\"widget\" data-e-type=\"widget\" data-widget_type=\"icon-box.default\">\n\t\t\t\t\t\t\t<div class=\"elementor-icon-box-wrapper\">\n\n\t\t\t\n\t\t\t\t\t\t<div class=\"elementor-icon-box-content\">\n\n\t\t\t\t\n\t\t\t\t\t\t\t\t\t<p class=\"elementor-icon-box-description\">\n\t\t\t\t\t\t1. PRODUCTOS DIGITALES DE COMPRA FINAL\t\t\t\t\t<\/p>\n\t\t\t\t\n\t\t\t<\/div>\n\t\t\t\n\t\t<\/div>\n\t\t\t\t\t\t<\/div>\n\t\t\t\t<div class=\"elementor-element elementor-element-9d90e3d elementor-widget elementor-widget-text-editor\" data-id=\"9d90e3d\" data-element_type=\"widget\" data-e-type=\"widget\" data-widget_type=\"text-editor.default\">\n\t\t\t\t\t\t\t\t\t<p><strong>GGBAMARKETING SOLUTIONS S.L.<\/strong>\u00a0informa acerca de la pol\u00edtica de devoluciones de su p\u00e1gina web tipsterpage.com<\/p><p><strong>\u00bfQu\u00e9 son los productos de compra final?<\/strong><br \/>Los productos de compra final son aquellos que se consideran no reembolsables dada su naturaleza. En TipsterPage todos los productos ofertados son del tipo contenido digital. Por lo tanto, el acceso inmediato tras su compra equivale a su consumo.<\/p><p><strong>\u00bfSon reembolsables los productos que oferta TipsterPage?<\/strong><br \/>Dadas las circunstancias arriba mencionadas, los productos se consideran de compra final y por lo tanto no reembolsables.<\/p>\t\t\t\t\t\t\t\t<\/div>\n\t\t\t\t<div class=\"elementor-element elementor-element-63453e3 elementor-widget-mobile__width-initial elementor-widget elementor-widget-icon-box\" data-id=\"63453e3\" data-element_type=\"widget\" data-e-type=\"widget\" data-widget_type=\"icon-box.default\">\n\t\t\t\t\t\t\t<div class=\"elementor-icon-box-wrapper\">\n\n\t\t\t\n\t\t\t\t\t\t<div class=\"elementor-icon-box-content\">\n\n\t\t\t\t\n\t\t\t\t\t\t\t\t\t<p class=\"elementor-icon-box-description\">\n\t\t\t\t\t\t2. EXCEPCIONES PARA EL REEMPLAZO O DEVOLUCI\u00d3N\t\t\t\t\t<\/p>\n\t\t\t\t\n\t\t\t<\/div>\n\t\t\t\n\t\t<\/div>\n\t\t\t\t\t\t<\/div>\n\t\t\t\t<div class=\"elementor-element elementor-element-f61bc90 elementor-widget elementor-widget-text-editor\" data-id=\"f61bc90\" data-element_type=\"widget\" data-e-type=\"widget\" data-widget_type=\"text-editor.default\">\n\t\t\t\t\t\t\t\t\t<p>Derecho de reemplazo o devoluci\u00f3n en determinadas circunstancias.<\/p><p>En el caso de que se de alguno de los siguientes supuestos:<br \/>\u2022 Imposibilidad de acceso al producto digital debido a un error t\u00e9cnico de TipsterPage.<br \/>\u2022 Que el producto digital no sea entregado en tiempo y forma.<br \/>\u2022 Que el producto digital resulte defectuoso.<br \/>\u2022 Que la adquisici\u00f3n de productos en nuestra plataforma se haya llevado a cabo de forma fraudulenta o no autorizada.<br \/>\u2022 Si por un error de cualquier \u00edndole el valor cobrado al cliente no corresponde con la factura o recibo suministrado.<br \/>\u2022 En el caso de que se produzcan cargos duplicados ya sea por fallo t\u00e9cnico de TipsterPage o error del cliente.<\/p><p>El usuario tendr\u00e1 un per\u00edodo de 5 d\u00edas naturales tras la notificaci\u00f3n del cobro para reclamar el reembolso o reemplazo por un producto de similares caracter\u00edsticas.<\/p><p>Para consultas y reclamaciones el usuario puede contactar a trav\u00e9s de los siguientes canales: Email: cliente@tipsterpage.com<\/p><section data-id=\"f9a34b1\" data-element_type=\"section\" data-settings=\"{\"><div><div data-id=\"5b2c370\" data-element_type=\"column\"><div><div><div data-id=\"070d434\" data-element_type=\"widget\" data-widget_type=\"text-editor.default\"><p><strong>GGBAMARKETING SOLUTIONS S.L.<\/strong><\/p><\/div><\/div><\/div><\/div><\/div><\/section>\t\t\t\t\t\t\t\t<\/div>\n\t\t\t\t\t<\/div>\n\t\t<\/div>\n\t\t\t\t\t<\/div>\n\t\t<\/section>\n\t\t\t\t\t<\/div>\n\t\t<\/div>\n\t\t\t\t\t<\/div>\n\t\t<\/section>\n\t\t\t\t<\/div>","protected":false},"excerpt":{"rendered":"<p>Pol\u00edtica de devoluciones plataforma TipsterPage&#8230; Tipsterpage.com &#8211; Plataforma online de gesti\u00f3n de clientes e identidad digital 1. PRODUCTOS DIGITALES DE COMPRA FINAL GGBAMARKETING SOLUTIONS S.L.\u00a0informa acerca de la pol\u00edtica de devoluciones de su p\u00e1gina web tipsterpage.com \u00bfQu\u00e9 son los productos de compra final?Los productos de compra final son aquellos que se consideran no reembolsables dada [&hellip;]<\/p>\n","protected":false},"author":3,"featured_media":0,"parent":0,"menu_order":0,"comment_status":"closed","ping_status":"closed","template":"","meta":{"footnotes":""},"class_list":["post-1111","page","type-page","status-publish","hentry"],"_links":{"self":[{"href":"https:\/\/www.tipsterpage.com\/en\/wp-json\/wp\/v2\/pages\/1111","targetHints":{"allow":["GET"]}}],"collection":[{"href":"https:\/\/www.tipsterpage.com\/en\/wp-json\/wp\/v2\/pages"}],"about":[{"href":"https:\/\/www.tipsterpage.com\/en\/wp-json\/wp\/v2\/types\/page"}],"author":[{"embeddable":true,"href":"https:\/\/www.tipsterpage.com\/en\/wp-json\/wp\/v2\/users\/3"}],"replies":[{"embeddable":true,"href":"https:\/\/www.tipsterpage.com\/en\/wp-json\/wp\/v2\/comments?post=1111"}],"version-history":[{"count":4,"href":"https:\/\/www.tipsterpage.com\/en\/wp-json\/wp\/v2\/pages\/1111\/revisions"}],"predecessor-version":[{"id":1115,"href":"https:\/\/www.tipsterpage.com\/en\/wp-json\/wp\/v2\/pages\/1111\/revisions\/1115"}],"wp:attachment":[{"href":"https:\/\/www.tipsterpage.com\/en\/wp-json\/wp\/v2\/media?parent=1111"}],"curies":[{"name":"wp","href":"https:\/\/api.w.org\/{rel}","templated":true}]}}