{"id":1084,"date":"2026-05-04T19:55:23","date_gmt":"2026-05-04T19:55:23","guid":{"rendered":"https:\/\/webtipsterpage.korvusinc.com\/?page_id=1084"},"modified":"2026-05-07T10:12:33","modified_gmt":"2026-05-07T10:12:33","slug":"aviso-legal-y-privacidad","status":"publish","type":"page","link":"https:\/\/www.tipsterpage.com\/pt_br\/aviso-legal-y-privacidad\/","title":{"rendered":"Aviso legal y privacidad"},"content":{"rendered":"<div data-elementor-type=\"wp-page\" data-elementor-id=\"1084\" class=\"elementor elementor-1084\" data-elementor-post-type=\"page\">\n\t\t\t\t\t\t<section class=\"elementor-section elementor-top-section elementor-element elementor-element-77844764 elementor-section-height-full elementor-section-boxed elementor-section-height-default elementor-section-items-middle\" data-id=\"77844764\" data-element_type=\"section\" data-e-type=\"section\" data-settings=\"{&quot;background_background&quot;:&quot;classic&quot;}\">\n\t\t\t\t\t\t\t<div class=\"elementor-background-overlay\"><\/div>\n\t\t\t\t\t\t\t<div class=\"elementor-container elementor-column-gap-default\">\n\t\t\t\t\t<div class=\"elementor-column elementor-col-100 elementor-top-column elementor-element elementor-element-497a6753\" data-id=\"497a6753\" data-element_type=\"column\" data-e-type=\"column\" data-settings=\"{&quot;background_background&quot;:&quot;classic&quot;}\">\n\t\t\t<div class=\"elementor-widget-wrap elementor-element-populated\">\n\t\t\t\t\t\t<div class=\"elementor-element elementor-element-23d70194 elementor-invisible elementor-widget elementor-widget-heading\" data-id=\"23d70194\" data-element_type=\"widget\" data-e-type=\"widget\" data-settings=\"{&quot;_animation&quot;:&quot;fadeInLeft&quot;}\" data-widget_type=\"heading.default\">\n\t\t\t\t\t<h1 class=\"elementor-heading-title elementor-size-default\">Aviso legal plataforma TipsterPage... <br><\/h1>\t\t\t\t<\/div>\n\t\t\t\t<div class=\"elementor-element elementor-element-4c7e870b elementor-invisible elementor-widget elementor-widget-text-editor\" data-id=\"4c7e870b\" data-element_type=\"widget\" data-e-type=\"widget\" data-settings=\"{&quot;_animation&quot;:&quot;fadeInLeft&quot;}\" data-widget_type=\"text-editor.default\">\n\t\t\t\t\t\t\t\t\t<p>Tipsterpage.com \u2013 Plataforma online de gest\u00e3o de clientes e identidade digital<\/p>\t\t\t\t\t\t\t\t<\/div>\n\t\t\t\t\t<\/div>\n\t\t<\/div>\n\t\t\t\t\t<\/div>\n\t\t<\/section>\n\t\t\t\t<section class=\"elementor-section elementor-top-section elementor-element elementor-element-2142f1a4 elementor-section-content-middle elementor-section-boxed elementor-section-height-default elementor-section-height-default\" data-id=\"2142f1a4\" data-element_type=\"section\" data-e-type=\"section\" id=\"somos\" data-settings=\"{&quot;background_background&quot;:&quot;classic&quot;}\">\n\t\t\t\t\t\t\t<div class=\"elementor-background-overlay\"><\/div>\n\t\t\t\t\t\t\t<div class=\"elementor-container elementor-column-gap-default\">\n\t\t\t\t\t<div class=\"elementor-column elementor-col-100 elementor-top-column elementor-element elementor-element-3c6bcdbd\" data-id=\"3c6bcdbd\" data-element_type=\"column\" data-e-type=\"column\">\n\t\t\t<div class=\"elementor-widget-wrap elementor-element-populated\">\n\t\t\t\t\t\t<div class=\"elementor-element elementor-element-35d32d24 elementor-widget elementor-widget-icon-box\" data-id=\"35d32d24\" data-element_type=\"widget\" data-e-type=\"widget\" data-widget_type=\"icon-box.default\">\n\t\t\t\t\t\t\t<div class=\"elementor-icon-box-wrapper\">\n\n\t\t\t\n\t\t\t\t\t\t<div class=\"elementor-icon-box-content\">\n\n\t\t\t\t\n\t\t\t\t\t\t\t\t\t<p class=\"elementor-icon-box-description\">\n\t\t\t\t\t\tLEI DOS SERVI\u00c7OS DA SOCIEDADE DA INFORMA\u00c7\u00c3O (LSSI)\t\t\t\t\t<\/p>\n\t\t\t\t\n\t\t\t<\/div>\n\t\t\t\n\t\t<\/div>\n\t\t\t\t\t\t<\/div>\n\t\t\t\t<section class=\"elementor-section elementor-inner-section elementor-element elementor-element-1a7d7e2 elementor-section-boxed elementor-section-height-default elementor-section-height-default\" data-id=\"1a7d7e2\" data-element_type=\"section\" data-e-type=\"section\">\n\t\t\t\t\t\t<div class=\"elementor-container elementor-column-gap-default\">\n\t\t\t\t\t<div class=\"elementor-column elementor-col-100 elementor-inner-column elementor-element elementor-element-381acd1c\" data-id=\"381acd1c\" data-element_type=\"column\" data-e-type=\"column\">\n\t\t\t<div class=\"elementor-widget-wrap elementor-element-populated\">\n\t\t\t\t\t\t<div class=\"elementor-element elementor-element-1efb95d0 elementor-widget elementor-widget-text-editor\" data-id=\"1efb95d0\" data-element_type=\"widget\" data-e-type=\"widget\" data-widget_type=\"text-editor.default\">\n\t\t\t\t\t\t\t\t\t<p>GGBAMARKETING SOLUTIONS S.L., respons\u00e1vel pelo website, doravante RESPONS\u00c1VEL, disponibiliza aos usu\u00e1rios o presente documento, com o qual pretende dar cumprimento \u00e0s obriga\u00e7\u00f5es dispostas na Lei 34\/2002, de 11 de julho, de Servi\u00e7os da Sociedade da Informa\u00e7\u00e3o e Com\u00e9rcio Eletr\u00f4nico (LSSICE), BOE N.\u00ba 166, assim como informar todos os usu\u00e1rios do website a respeito de quais s\u00e3o as condi\u00e7\u00f5es de uso. Toda pessoa que acesse este website assume o papel de usu\u00e1rio, comprometendo-se \u00e0 observ\u00e2ncia e cumprimento rigoroso das disposi\u00e7\u00f5es aqui estabelecidas, assim como a qualquer outra disposi\u00e7\u00e3o legal que seja aplic\u00e1vel. GROUP GAMBLING AND BETTING AFFILIATION S.L. reserva-se o direito de modificar qualquer tipo de informa\u00e7\u00e3o que possa aparecer no website, sem que exista obriga\u00e7\u00e3o de pr\u00e9-aviso ou de dar conhecimento aos usu\u00e1rios de tais obriga\u00e7\u00f5es, entendendo-se como suficiente a publica\u00e7\u00e3o no website da GGBAMARKETING SOLUTIONS S.L.<\/p>\t\t\t\t\t\t\t\t<\/div>\n\t\t\t\t<div class=\"elementor-element elementor-element-5fc52091 elementor-widget elementor-widget-icon-box\" data-id=\"5fc52091\" data-element_type=\"widget\" data-e-type=\"widget\" data-widget_type=\"icon-box.default\">\n\t\t\t\t\t\t\t<div class=\"elementor-icon-box-wrapper\">\n\n\t\t\t\n\t\t\t\t\t\t<div class=\"elementor-icon-box-content\">\n\n\t\t\t\t\n\t\t\t\t\t\t\t\t\t<p class=\"elementor-icon-box-description\">\n\t\t\t\t\t\t1. DADOS DE IDENTIFICA\u00c7\u00c3O\t\t\t\t\t<\/p>\n\t\t\t\t\n\t\t\t<\/div>\n\t\t\t\n\t\t<\/div>\n\t\t\t\t\t\t<\/div>\n\t\t\t\t<div class=\"elementor-element elementor-element-9d90e3d elementor-widget elementor-widget-text-editor\" data-id=\"9d90e3d\" data-element_type=\"widget\" data-e-type=\"widget\" data-widget_type=\"text-editor.default\">\n\t\t\t\t\t\t\t\t\t<p>Nome de dom\u00ednio: tipsterpage.com<br \/>Nome comercial: TIPSTERPAGE<br \/>Denomina\u00e7\u00e3o social: GGBAMARKETING SOLUTIONS S.L.<br \/>CIF: B-42774687 \u2013 Inscrita no registro mercantil de Melilla Folha ML-2807 Tomo 116 Folha 105<br \/>Sede social: Calle C\u00e1ndido Lobera n\u00ba5, 3\u00ba, 52001 Melilla (Melilla)<br \/>E-mail:\u00a0<a href=\"mailto:cliente@tipsterpage.com\" target=\"_blank\" rel=\"noopener\">cliente@tipsterpage.com<\/a><\/p>\t\t\t\t\t\t\t\t<\/div>\n\t\t\t\t<div class=\"elementor-element elementor-element-63453e3 elementor-widget-mobile__width-initial elementor-widget elementor-widget-icon-box\" data-id=\"63453e3\" data-element_type=\"widget\" data-e-type=\"widget\" data-widget_type=\"icon-box.default\">\n\t\t\t\t\t\t\t<div class=\"elementor-icon-box-wrapper\">\n\n\t\t\t\n\t\t\t\t\t\t<div class=\"elementor-icon-box-content\">\n\n\t\t\t\t\n\t\t\t\t\t\t\t\t\t<p class=\"elementor-icon-box-description\">\n\t\t\t\t\t\t2. DIREITOS DE PROPRIEDADE INTELECTUAL E INDUSTRIAL\t\t\t\t\t<\/p>\n\t\t\t\t\n\t\t\t<\/div>\n\t\t\t\n\t\t<\/div>\n\t\t\t\t\t\t<\/div>\n\t\t\t\t<div class=\"elementor-element elementor-element-f61bc90 elementor-widget elementor-widget-text-editor\" data-id=\"f61bc90\" data-element_type=\"widget\" data-e-type=\"widget\" data-widget_type=\"text-editor.default\">\n\t\t\t\t\t\t\t\t\t<p>O website, incluindo, a t\u00edtulo enunciativo, mas n\u00e3o limitativo, sua programa\u00e7\u00e3o, edi\u00e7\u00e3o, compila\u00e7\u00e3o e demais elementos necess\u00e1rios ao seu funcionamento, os designs, logotipos, textos e\/ou gr\u00e1ficos, s\u00e3o de propriedade do RESPONS\u00c1VEL ou, se for o caso, possui licen\u00e7a ou autoriza\u00e7\u00e3o expressa dos autores. Todos os conte\u00fados do website est\u00e3o devidamente protegidos pela legisla\u00e7\u00e3o de propriedade intelectual e industrial, bem como registrados nos \u00f3rg\u00e3os p\u00fablicos correspondentes. Independentemente da finalidade para a qual foram destinados, a reprodu\u00e7\u00e3o total ou parcial, o uso, a explora\u00e7\u00e3o, a distribui\u00e7\u00e3o e a comercializa\u00e7\u00e3o, requerem em qualquer caso a autoriza\u00e7\u00e3o pr\u00e9via por escrito do RESPONS\u00c1VEL. Qualquer uso n\u00e3o autorizado previamente \u00e9 considerado uma viola\u00e7\u00e3o grave dos direitos de propriedade intelectual ou industrial do autor. Os designs, logotipos, textos e\/ou gr\u00e1ficos alheios ao RESPONS\u00c1VEL e que possam aparecer no website pertencem aos seus respectivos propriet\u00e1rios, sendo estes os respons\u00e1veis por qualquer poss\u00edvel controv\u00e9rsia que possa surgir em rela\u00e7\u00e3o aos mesmos. O RESPONS\u00c1VEL autoriza expressamente que terceiros possam redirecionar diretamente para os conte\u00fados espec\u00edficos do website, e em qualquer caso redirecionar para o website principal de diegopalomares.es. O RESPONS\u00c1VEL reconhece a favor de seus titulares os correspondentes direitos de propriedade intelectual e industrial, n\u00e3o implicando sua mera men\u00e7\u00e3o ou apari\u00e7\u00e3o no website a exist\u00eancia de direitos ou responsabilidade alguma sobre os mesmos, nem tampouco o endosso, patroc\u00ednio ou recomenda\u00e7\u00e3o por parte do mesmo. Para realizar qualquer tipo de observa\u00e7\u00e3o sobre poss\u00edveis viola\u00e7\u00f5es dos direitos de propriedade intelectual ou industrial, bem como sobre qualquer dos conte\u00fados do website, voc\u00ea pode faz\u00ea-lo atrav\u00e9s do e-mail\u00a0<a href=\"mailto:cliente@tipsterpage.com\" target=\"_blank\" rel=\"noopener\">cliente@tipsterpage.com<\/a><\/p>\t\t\t\t\t\t\t\t<\/div>\n\t\t\t\t<div class=\"elementor-element elementor-element-d81a9b4 elementor-widget elementor-widget-icon-box\" data-id=\"d81a9b4\" data-element_type=\"widget\" data-e-type=\"widget\" data-widget_type=\"icon-box.default\">\n\t\t\t\t\t\t\t<div class=\"elementor-icon-box-wrapper\">\n\n\t\t\t\n\t\t\t\t\t\t<div class=\"elementor-icon-box-content\">\n\n\t\t\t\t\n\t\t\t\t\t\t\t\t\t<p class=\"elementor-icon-box-description\">\n\t\t\t\t\t\t3. ISEN\u00c7\u00c3O DE RESPONSABILIDADE\t\t\t\t\t<\/p>\n\t\t\t\t\n\t\t\t<\/div>\n\t\t\t\n\t\t<\/div>\n\t\t\t\t\t\t<\/div>\n\t\t\t\t<div class=\"elementor-element elementor-element-ab61bde elementor-widget elementor-widget-text-editor\" data-id=\"ab61bde\" data-element_type=\"widget\" data-e-type=\"widget\" data-widget_type=\"text-editor.default\">\n\t\t\t\t\t\t\t\t\t<p>O RESPONS\u00c1VEL isenta-se de qualquer tipo de responsabilidade decorrente das informa\u00e7\u00f5es publicadas em seu site sempre que essas informa\u00e7\u00f5es tiverem sido manipuladas ou inseridas por terceiros alheios a ele.<\/p>\t\t\t\t\t\t\t\t<\/div>\n\t\t\t\t<div class=\"elementor-element elementor-element-d52ee7c elementor-widget elementor-widget-icon-box\" data-id=\"d52ee7c\" data-element_type=\"widget\" data-e-type=\"widget\" data-widget_type=\"icon-box.default\">\n\t\t\t\t\t\t\t<div class=\"elementor-icon-box-wrapper\">\n\n\t\t\t\n\t\t\t\t\t\t<div class=\"elementor-icon-box-content\">\n\n\t\t\t\t\n\t\t\t\t\t\t\t\t\t<p class=\"elementor-icon-box-description\">\n\t\t\t\t\t\tUso de Cookies\t\t\t\t\t<\/p>\n\t\t\t\t\n\t\t\t<\/div>\n\t\t\t\n\t\t<\/div>\n\t\t\t\t\t\t<\/div>\n\t\t\t\t<div class=\"elementor-element elementor-element-476355b elementor-widget elementor-widget-text-editor\" data-id=\"476355b\" data-element_type=\"widget\" data-e-type=\"widget\" data-widget_type=\"text-editor.default\">\n\t\t\t\t\t\t\t\t\t<p>Este site pode utilizar cookies t\u00e9cnicos (pequenos arquivos de informa\u00e7\u00e3o que o servidor envia ao computador de quem acessa a p\u00e1gina) para realizar determinadas fun\u00e7\u00f5es que s\u00e3o consideradas imprescind\u00edveis para o correto funcionamento e visualiza\u00e7\u00e3o do site. Os cookies utilizados t\u00eam, em qualquer caso, car\u00e1ter tempor\u00e1rio, com a \u00fanica finalidade de tornar a navega\u00e7\u00e3o mais eficaz, e desaparecem ao final da sess\u00e3o do usu\u00e1rio. Em nenhum caso, esses cookies fornecem por si s\u00f3 dados de car\u00e1ter pessoal e n\u00e3o ser\u00e3o utilizados para a coleta dos mesmos. Mediante o uso de cookies tamb\u00e9m \u00e9 poss\u00edvel que o servidor onde se encontra a web reconhe\u00e7a o navegador utilizado pelo usu\u00e1rio com a finalidade de que a navega\u00e7\u00e3o seja mais simples, permitindo, por exemplo, o acesso dos usu\u00e1rios que j\u00e1 se registraram previamente \u00e0s \u00e1reas, servi\u00e7os, promo\u00e7\u00f5es ou concursos reservados exclusivamente a eles sem ter que se registrar em cada visita. Tamb\u00e9m podem ser utilizados para medir a audi\u00eancia, par\u00e2metros de tr\u00e1fego, controlar o progresso e n\u00famero de acessos, etc., sendo nestes casos cookies tecnicamente descart\u00e1veis, mas ben\u00e9ficos para o usu\u00e1rio. Utilizamos cookies funcionais para lembrar informa\u00e7\u00f5es relacionadas \u00e0 compra do cliente e s\u00e3o armazenados por um per\u00edodo limitado.<br \/>Voc\u00ea pode configurar seu navegador para rejeitar estes cookies, embora algumas funcionalidades do site possam ser afetadas. Este site n\u00e3o instalar\u00e1 cookies dispens\u00e1veis sem o consentimento pr\u00e9vio do usu\u00e1rio. Este site utiliza cookies pr\u00f3prios e de terceiros para fins anal\u00edticos e para mostrar publicidade personalizada com base em um perfil elaborado a partir dos seus h\u00e1bitos de navega\u00e7\u00e3o (por exemplo, p\u00e1ginas visitadas). Todo usu\u00e1rio que visita o site \u00e9 informado sobre o uso destes cookies por meio de um banner flutuante. Caso aceite o uso, o banner desaparecer\u00e1, embora a qualquer momento voc\u00ea possa revogar o consentimento e obter mais informa\u00e7\u00f5es consultando nossa Pol\u00edtica de Cookies. O usu\u00e1rio tem a possibilidade de configurar seu navegador para ser alertado do recebimento de cookies e para impedir a sua instala\u00e7\u00e3o em seu equipamento. Por favor, consulte as instru\u00e7\u00f5es do seu navegador para ampliar esta informa\u00e7\u00e3o.<\/p>\t\t\t\t\t\t\t\t<\/div>\n\t\t\t\t<div class=\"elementor-element elementor-element-54b0ece elementor-widget elementor-widget-icon-box\" data-id=\"54b0ece\" data-element_type=\"widget\" data-e-type=\"widget\" data-widget_type=\"icon-box.default\">\n\t\t\t\t\t\t\t<div class=\"elementor-icon-box-wrapper\">\n\n\t\t\t\n\t\t\t\t\t\t<div class=\"elementor-icon-box-content\">\n\n\t\t\t\t\n\t\t\t\t\t\t\t\t\t<p class=\"elementor-icon-box-description\">\n\t\t\t\t\t\tPol\u00edtica de links\t\t\t\t\t<\/p>\n\t\t\t\t\n\t\t\t<\/div>\n\t\t\t\n\t\t<\/div>\n\t\t\t\t\t\t<\/div>\n\t\t\t\t<div class=\"elementor-element elementor-element-2e1e06e elementor-widget elementor-widget-text-editor\" data-id=\"2e1e06e\" data-element_type=\"widget\" data-e-type=\"widget\" data-widget_type=\"text-editor.default\">\n\t\t\t\t\t\t\t\t\t<p>A partir do site, \u00e9 poss\u00edvel ser redirecionado para conte\u00fados de sites de terceiros. Como o RESPONS\u00c1VEL n\u00e3o pode controlar sempre os conte\u00fados inseridos por terceiros em seus respectivos sites, n\u00e3o assume qualquer tipo de responsabilidade em rela\u00e7\u00e3o a esses conte\u00fados. Em qualquer caso, proceder\u00e1 \u00e0 remo\u00e7\u00e3o imediata de qualquer conte\u00fado que possa infringir a legisla\u00e7\u00e3o nacional ou internacional, a moral ou a ordem p\u00fablica, procedendo \u00e0 remo\u00e7\u00e3o imediata do redirecionamento para tal site, informando as autoridades competentes sobre o conte\u00fado em quest\u00e3o. O RESPONS\u00c1VEL n\u00e3o se responsabiliza pelas informa\u00e7\u00f5es e conte\u00fados armazenados, a t\u00edtulo exemplificativo, mas n\u00e3o limitativo, em f\u00f3runs, chats, geradores de blogs, coment\u00e1rios, redes sociais ou qualquer outro meio que permita a terceiros publicar conte\u00fados de forma independente na p\u00e1gina web do RESPONS\u00c1VEL. No entanto, e em cumprimento do disposto nos artigos 11 e 16 da LSSICE, coloca \u00e0 disposi\u00e7\u00e3o de todos os usu\u00e1rios, autoridades e for\u00e7as de seguran\u00e7a, colaborando ativamente na remo\u00e7\u00e3o ou, conforme o caso, no bloqueio de todos aqueles conte\u00fados que possam afetar ou infringir a legisla\u00e7\u00e3o nacional ou internacional, os direitos de terceiros ou a moral e a ordem p\u00fablica. Caso o usu\u00e1rio considere que existe no site algum conte\u00fado que possa ser suscet\u00edvel dessa classifica\u00e7\u00e3o, solicita que o notifique imediatamente ao administrador do site. Este site foi revisado e testado para funcionar corretamente. Em princ\u00edpio, o funcionamento correto pode ser garantido 365 dias por ano, 24 horas por dia. No entanto, o RESPONS\u00c1VEL n\u00e3o descarta a possibilidade de que existam certos erros de programa\u00e7\u00e3o, ou que ocorram causas de for\u00e7a maior, desastres naturais, greves ou circunst\u00e2ncias semelhantes que tornem imposs\u00edvel o acesso \u00e0 p\u00e1gina web.<\/p>\t\t\t\t\t\t\t\t<\/div>\n\t\t\t\t<div class=\"elementor-element elementor-element-aed5d12 elementor-widget elementor-widget-icon-box\" data-id=\"aed5d12\" data-element_type=\"widget\" data-e-type=\"widget\" data-widget_type=\"icon-box.default\">\n\t\t\t\t\t\t\t<div class=\"elementor-icon-box-wrapper\">\n\n\t\t\t\n\t\t\t\t\t\t<div class=\"elementor-icon-box-content\">\n\n\t\t\t\t\n\t\t\t\t\t\t\t\t\t<p class=\"elementor-icon-box-description\">\n\t\t\t\t\t\tEndere\u00e7os IP\t\t\t\t\t<\/p>\n\t\t\t\t\n\t\t\t<\/div>\n\t\t\t\n\t\t<\/div>\n\t\t\t\t\t\t<\/div>\n\t\t\t\t<div class=\"elementor-element elementor-element-df3dcef elementor-widget elementor-widget-text-editor\" data-id=\"df3dcef\" data-element_type=\"widget\" data-e-type=\"widget\" data-widget_type=\"text-editor.default\">\n\t\t\t\t\t\t\t\t\t<p>Os servidores do site poder\u00e3o detectar automaticamente o endere\u00e7o IP e o nome de dom\u00ednio utilizados pelo usu\u00e1rio. Um endere\u00e7o IP \u00e9 um n\u00famero atribu\u00eddo automaticamente a um computador quando ele se conecta \u00e0 Internet. Todas essas informa\u00e7\u00f5es s\u00e3o registradas em um arquivo de atividade do servidor devidamente inscrito que permite o posterior processamento dos dados com o objetivo de obter medi\u00e7\u00f5es unicamente estat\u00edsticas que permitam conhecer o n\u00famero de impress\u00f5es de p\u00e1ginas, o n\u00famero de visitas realizadas aos servidores web, a ordem das visitas, o ponto de acesso, etc.<\/p>\t\t\t\t\t\t\t\t<\/div>\n\t\t\t\t<div class=\"elementor-element elementor-element-be74db3 elementor-widget elementor-widget-icon-box\" data-id=\"be74db3\" data-element_type=\"widget\" data-e-type=\"widget\" data-widget_type=\"icon-box.default\">\n\t\t\t\t\t\t\t<div class=\"elementor-icon-box-wrapper\">\n\n\t\t\t\n\t\t\t\t\t\t<div class=\"elementor-icon-box-content\">\n\n\t\t\t\t\n\t\t\t\t\t\t\t\t\t<p class=\"elementor-icon-box-description\">\n\t\t\t\t\t\t4. LEI APLIC\u00c1VEL E JURISDI\u00c7\u00c3O\t\t\t\t\t<\/p>\n\t\t\t\t\n\t\t\t<\/div>\n\t\t\t\n\t\t<\/div>\n\t\t\t\t\t\t<\/div>\n\t\t\t\t\t<\/div>\n\t\t<\/div>\n\t\t\t\t\t<\/div>\n\t\t<\/section>\n\t\t\t\t<div class=\"elementor-element elementor-element-e9c8583 elementor-widget elementor-widget-text-editor\" data-id=\"e9c8583\" data-element_type=\"widget\" data-e-type=\"widget\" data-widget_type=\"text-editor.default\">\n\t\t\t\t\t\t\t\t\t<p>Para a resolu\u00e7\u00e3o de todas as controv\u00e9rsias ou quest\u00f5es relacionadas com o presente site ou com as atividades nele desenvolvidas, ser\u00e1 de aplica\u00e7\u00e3o a legisla\u00e7\u00e3o espanhola, \u00e0 qual as partes se submetem expressamente, sendo competentes para a resolu\u00e7\u00e3o de todos os conflitos derivados ou relacionados com o seu uso os Ju\u00edzos e Tribunais mais pr\u00f3ximos de Melilla.<\/p><p><strong>GGBAMARKETING SOLUTIONS S.L.<\/strong><\/p>\t\t\t\t\t\t\t\t<\/div>\n\t\t\t\t\t<\/div>\n\t\t<\/div>\n\t\t\t\t\t<\/div>\n\t\t<\/section>\n\t\t\t\t<\/div>","protected":false},"excerpt":{"rendered":"<p>Aviso legal plataforma TipsterPage&#8230; Tipsterpage.com &#8211; Plataforma online de gesti\u00f3n de clientes e identidad digital LEY DE LOS SERVICIOS DE LA SOCIEDAD DE LA INFORMACI\u00d3N (LSSI) GGBAMARKETING SOLUTIONS S.L., responsable del sitio web, en adelante RESPONSABLE, pone a disposici\u00f3n de los usuarios el presente documento, con el que pretende dar cumplimiento a las obligaciones dispuestas [&hellip;]<\/p>\n","protected":false},"author":3,"featured_media":0,"parent":0,"menu_order":0,"comment_status":"closed","ping_status":"closed","template":"","meta":{"footnotes":""},"class_list":["post-1084","page","type-page","status-publish","hentry"],"yoast_head":"<!-- This site is optimized with the Yoast SEO plugin v27.5 - https:\/\/yoast.com\/product\/yoast-seo-wordpress\/ -->\n<title>Aviso legal y privacidad - Web oficial Tipsterpage<\/title>\n<meta name=\"robots\" content=\"index, follow, max-snippet:-1, max-image-preview:large, max-video-preview:-1\" \/>\n<link rel=\"canonical\" href=\"https:\/\/www.tipsterpage.com\/pt_br\/aviso-legal-y-privacidad\/\" \/>\n<meta property=\"og:locale\" content=\"pt_BR\" \/>\n<meta property=\"og:type\" content=\"article\" \/>\n<meta property=\"og:title\" content=\"Aviso legal y privacidad - Web oficial Tipsterpage\" \/>\n<meta property=\"og:description\" content=\"Aviso legal plataforma TipsterPage&#8230; Tipsterpage.com &#8211; Plataforma online de gesti\u00f3n de clientes e identidad digital LEY DE LOS SERVICIOS DE LA SOCIEDAD DE LA INFORMACI\u00d3N (LSSI) GGBAMARKETING SOLUTIONS S.L., responsable del sitio web, en adelante RESPONSABLE, pone a disposici\u00f3n de los usuarios el presente documento, con el que pretende dar cumplimiento a las obligaciones dispuestas [&hellip;]\" \/>\n<meta property=\"og:url\" content=\"https:\/\/www.tipsterpage.com\/pt_br\/aviso-legal-y-privacidad\/\" \/>\n<meta property=\"og:site_name\" content=\"Web oficial Tipsterpage\" \/>\n<meta property=\"article:modified_time\" content=\"2026-05-07T10:12:33+00:00\" \/>\n<meta name=\"twitter:card\" content=\"summary_large_image\" \/>\n<meta name=\"twitter:label1\" content=\"Est. reading time\" \/>\n\t<meta name=\"twitter:data1\" content=\"7 minutes\" \/>\n<script type=\"application\/ld+json\" class=\"yoast-schema-graph\">{\"@context\":\"https:\\\/\\\/schema.org\",\"@graph\":[{\"@type\":\"WebPage\",\"@id\":\"https:\\\/\\\/www.tipsterpage.com\\\/aviso-legal-y-privacidad\\\/\",\"url\":\"https:\\\/\\\/www.tipsterpage.com\\\/aviso-legal-y-privacidad\\\/\",\"name\":\"Aviso legal y privacidad - Web oficial Tipsterpage\",\"isPartOf\":{\"@id\":\"https:\\\/\\\/www.tipsterpage.com\\\/#website\"},\"datePublished\":\"2026-05-04T19:55:23+00:00\",\"dateModified\":\"2026-05-07T10:12:33+00:00\",\"breadcrumb\":{\"@id\":\"https:\\\/\\\/www.tipsterpage.com\\\/aviso-legal-y-privacidad\\\/#breadcrumb\"},\"inLanguage\":\"pt-BR\",\"potentialAction\":[{\"@type\":\"ReadAction\",\"target\":[\"https:\\\/\\\/www.tipsterpage.com\\\/aviso-legal-y-privacidad\\\/\"]}]},{\"@type\":\"BreadcrumbList\",\"@id\":\"https:\\\/\\\/www.tipsterpage.com\\\/aviso-legal-y-privacidad\\\/#breadcrumb\",\"itemListElement\":[{\"@type\":\"ListItem\",\"position\":1,\"name\":\"Home\",\"item\":\"https:\\\/\\\/www.tipsterpage.com\\\/\"},{\"@type\":\"ListItem\",\"position\":2,\"name\":\"Aviso legal y privacidad\"}]},{\"@type\":\"WebSite\",\"@id\":\"https:\\\/\\\/www.tipsterpage.com\\\/#website\",\"url\":\"https:\\\/\\\/www.tipsterpage.com\\\/\",\"name\":\"Tipsterpage\",\"description\":\"\",\"potentialAction\":[{\"@type\":\"SearchAction\",\"target\":{\"@type\":\"EntryPoint\",\"urlTemplate\":\"https:\\\/\\\/www.tipsterpage.com\\\/?s={search_term_string}\"},\"query-input\":{\"@type\":\"PropertyValueSpecification\",\"valueRequired\":true,\"valueName\":\"search_term_string\"}}],\"inLanguage\":\"pt-BR\"}]}<\/script>\n<!-- \/ Yoast SEO plugin. -->","yoast_head_json":{"title":"Aviso legal y privacidad - Web oficial Tipsterpage","robots":{"index":"index","follow":"follow","max-snippet":"max-snippet:-1","max-image-preview":"max-image-preview:large","max-video-preview":"max-video-preview:-1"},"canonical":"https:\/\/www.tipsterpage.com\/pt_br\/aviso-legal-y-privacidad\/","og_locale":"pt_BR","og_type":"article","og_title":"Aviso legal y privacidad - Web oficial Tipsterpage","og_description":"Aviso legal plataforma TipsterPage&#8230; Tipsterpage.com &#8211; Plataforma online de gesti\u00f3n de clientes e identidad digital LEY DE LOS SERVICIOS DE LA SOCIEDAD DE LA INFORMACI\u00d3N (LSSI) GGBAMARKETING SOLUTIONS S.L., responsable del sitio web, en adelante RESPONSABLE, pone a disposici\u00f3n de los usuarios el presente documento, con el que pretende dar cumplimiento a las obligaciones dispuestas [&hellip;]","og_url":"https:\/\/www.tipsterpage.com\/pt_br\/aviso-legal-y-privacidad\/","og_site_name":"Web oficial Tipsterpage","article_modified_time":"2026-05-07T10:12:33+00:00","twitter_card":"summary_large_image","twitter_misc":{"Est. reading time":"7 minutes"},"schema":{"@context":"https:\/\/schema.org","@graph":[{"@type":"WebPage","@id":"https:\/\/www.tipsterpage.com\/aviso-legal-y-privacidad\/","url":"https:\/\/www.tipsterpage.com\/aviso-legal-y-privacidad\/","name":"Aviso legal y privacidad - Web oficial Tipsterpage","isPartOf":{"@id":"https:\/\/www.tipsterpage.com\/#website"},"datePublished":"2026-05-04T19:55:23+00:00","dateModified":"2026-05-07T10:12:33+00:00","breadcrumb":{"@id":"https:\/\/www.tipsterpage.com\/aviso-legal-y-privacidad\/#breadcrumb"},"inLanguage":"pt-BR","potentialAction":[{"@type":"ReadAction","target":["https:\/\/www.tipsterpage.com\/aviso-legal-y-privacidad\/"]}]},{"@type":"BreadcrumbList","@id":"https:\/\/www.tipsterpage.com\/aviso-legal-y-privacidad\/#breadcrumb","itemListElement":[{"@type":"ListItem","position":1,"name":"Home","item":"https:\/\/www.tipsterpage.com\/"},{"@type":"ListItem","position":2,"name":"Aviso legal y privacidad"}]},{"@type":"WebSite","@id":"https:\/\/www.tipsterpage.com\/#website","url":"https:\/\/www.tipsterpage.com\/","name":"Tipsterpage","description":"","potentialAction":[{"@type":"SearchAction","target":{"@type":"EntryPoint","urlTemplate":"https:\/\/www.tipsterpage.com\/?s={search_term_string}"},"query-input":{"@type":"PropertyValueSpecification","valueRequired":true,"valueName":"search_term_string"}}],"inLanguage":"pt-BR"}]}},"_links":{"self":[{"href":"https:\/\/www.tipsterpage.com\/pt_br\/wp-json\/wp\/v2\/pages\/1084","targetHints":{"allow":["GET"]}}],"collection":[{"href":"https:\/\/www.tipsterpage.com\/pt_br\/wp-json\/wp\/v2\/pages"}],"about":[{"href":"https:\/\/www.tipsterpage.com\/pt_br\/wp-json\/wp\/v2\/types\/page"}],"author":[{"embeddable":true,"href":"https:\/\/www.tipsterpage.com\/pt_br\/wp-json\/wp\/v2\/users\/3"}],"replies":[{"embeddable":true,"href":"https:\/\/www.tipsterpage.com\/pt_br\/wp-json\/wp\/v2\/comments?post=1084"}],"version-history":[{"count":12,"href":"https:\/\/www.tipsterpage.com\/pt_br\/wp-json\/wp\/v2\/pages\/1084\/revisions"}],"predecessor-version":[{"id":1160,"href":"https:\/\/www.tipsterpage.com\/pt_br\/wp-json\/wp\/v2\/pages\/1084\/revisions\/1160"}],"wp:attachment":[{"href":"https:\/\/www.tipsterpage.com\/pt_br\/wp-json\/wp\/v2\/media?parent=1084"}],"curies":[{"name":"wp","href":"https:\/\/api.w.org\/{rel}","templated":true}]}}