{"id":1111,"date":"2026-05-05T19:36:34","date_gmt":"2026-05-05T19:36:34","guid":{"rendered":"https:\/\/webtipsterpage.korvusinc.com\/?page_id=1111"},"modified":"2026-05-05T19:36:36","modified_gmt":"2026-05-05T19:36:36","slug":"politica-de-devoluciones","status":"publish","type":"page","link":"https:\/\/www.tipsterpage.com\/pt_br\/politica-de-devoluciones\/","title":{"rendered":"Pol\u00edtica de Devolu\u00e7\u00f5es"},"content":{"rendered":"<div data-elementor-type=\"wp-page\" data-elementor-id=\"1111\" class=\"elementor elementor-1111\" data-elementor-post-type=\"page\">\n\t\t\t\t\t\t<section class=\"elementor-section elementor-top-section elementor-element elementor-element-77844764 elementor-section-height-full elementor-section-boxed elementor-section-height-default elementor-section-items-middle\" data-id=\"77844764\" data-element_type=\"section\" data-e-type=\"section\" data-settings=\"{&quot;background_background&quot;:&quot;classic&quot;}\">\n\t\t\t\t\t\t\t<div class=\"elementor-background-overlay\"><\/div>\n\t\t\t\t\t\t\t<div class=\"elementor-container elementor-column-gap-default\">\n\t\t\t\t\t<div class=\"elementor-column elementor-col-100 elementor-top-column elementor-element elementor-element-497a6753\" data-id=\"497a6753\" data-element_type=\"column\" data-e-type=\"column\" data-settings=\"{&quot;background_background&quot;:&quot;classic&quot;}\">\n\t\t\t<div class=\"elementor-widget-wrap elementor-element-populated\">\n\t\t\t\t\t\t<div class=\"elementor-element elementor-element-23d70194 elementor-invisible elementor-widget elementor-widget-heading\" data-id=\"23d70194\" data-element_type=\"widget\" data-e-type=\"widget\" data-settings=\"{&quot;_animation&quot;:&quot;fadeInLeft&quot;}\" data-widget_type=\"heading.default\">\n\t\t\t\t\t<h1 class=\"elementor-heading-title elementor-size-default\">Pol\u00edtica de devolu\u00e7\u00e3o da plataforma TipsterPage. <br><\/h1>\t\t\t\t<\/div>\n\t\t\t\t<div class=\"elementor-element elementor-element-4c7e870b elementor-invisible elementor-widget elementor-widget-text-editor\" data-id=\"4c7e870b\" data-element_type=\"widget\" data-e-type=\"widget\" data-settings=\"{&quot;_animation&quot;:&quot;fadeInLeft&quot;}\" data-widget_type=\"text-editor.default\">\n\t\t\t\t\t\t\t\t\t<p>Tipsterpage.com \u2013 Plataforma online de gest\u00e3o de clientes e identidade digital<\/p>\t\t\t\t\t\t\t\t<\/div>\n\t\t\t\t\t<\/div>\n\t\t<\/div>\n\t\t\t\t\t<\/div>\n\t\t<\/section>\n\t\t\t\t<section class=\"elementor-section elementor-top-section elementor-element elementor-element-2142f1a4 elementor-section-content-middle elementor-section-boxed elementor-section-height-default elementor-section-height-default\" data-id=\"2142f1a4\" data-element_type=\"section\" data-e-type=\"section\" id=\"somos\" data-settings=\"{&quot;background_background&quot;:&quot;classic&quot;}\">\n\t\t\t\t\t\t\t<div class=\"elementor-background-overlay\"><\/div>\n\t\t\t\t\t\t\t<div class=\"elementor-container elementor-column-gap-default\">\n\t\t\t\t\t<div class=\"elementor-column elementor-col-100 elementor-top-column elementor-element elementor-element-3c6bcdbd\" data-id=\"3c6bcdbd\" data-element_type=\"column\" data-e-type=\"column\">\n\t\t\t<div class=\"elementor-widget-wrap elementor-element-populated\">\n\t\t\t\t\t\t<section class=\"elementor-section elementor-inner-section elementor-element elementor-element-1a7d7e2 elementor-section-boxed elementor-section-height-default elementor-section-height-default\" data-id=\"1a7d7e2\" data-element_type=\"section\" data-e-type=\"section\">\n\t\t\t\t\t\t<div class=\"elementor-container elementor-column-gap-default\">\n\t\t\t\t\t<div class=\"elementor-column elementor-col-100 elementor-inner-column elementor-element elementor-element-381acd1c\" data-id=\"381acd1c\" data-element_type=\"column\" data-e-type=\"column\">\n\t\t\t<div class=\"elementor-widget-wrap elementor-element-populated\">\n\t\t\t\t\t\t<div class=\"elementor-element elementor-element-5fc52091 elementor-widget elementor-widget-icon-box\" data-id=\"5fc52091\" data-element_type=\"widget\" data-e-type=\"widget\" data-widget_type=\"icon-box.default\">\n\t\t\t\t\t\t\t<div class=\"elementor-icon-box-wrapper\">\n\n\t\t\t\n\t\t\t\t\t\t<div class=\"elementor-icon-box-content\">\n\n\t\t\t\t\n\t\t\t\t\t\t\t\t\t<p class=\"elementor-icon-box-description\">\n\t\t\t\t\t\t1. PRODUTOS DIGITAIS DE COMPRA FINAL\t\t\t\t\t<\/p>\n\t\t\t\t\n\t\t\t<\/div>\n\t\t\t\n\t\t<\/div>\n\t\t\t\t\t\t<\/div>\n\t\t\t\t<div class=\"elementor-element elementor-element-9d90e3d elementor-widget elementor-widget-text-editor\" data-id=\"9d90e3d\" data-element_type=\"widget\" data-e-type=\"widget\" data-widget_type=\"text-editor.default\">\n\t\t\t\t\t\t\t\t\t<p><strong>GGBAMARKETING SOLUTIONS S.L.<\/strong>\u00a0Ol\u00e1! Sobre a pol\u00edtica de devolu\u00e7\u00f5es da tipsterpage.com, ela \u00e9 bastante clara e focada em garantir a satisfa\u00e7\u00e3o dos nossos clientes.\n\nBasicamente, oferecemos uma **garantia de reembolso de 14 dias** para todos os produtos ou servi\u00e7os adquiridos em nosso site. Se voc\u00ea n\u00e3o estiver satisfeito com o produto\/servi\u00e7o por qualquer motivo dentro desse per\u00edodo, pode solicitar um reembolso total.\n\nPara iniciar um processo de devolu\u00e7\u00e3o, pedimos que entre em contato conosco atrav\u00e9s do nosso formul\u00e1rio de suporte ou enviando um e-mail para suporte@tipsterpage.com, informando o n\u00famero do seu pedido e o motivo da solicita\u00e7\u00e3o. Analisaremos seu pedido e processaremos o reembolso o mais r\u00e1pido poss\u00edvel.\n\n\u00c9 importante notar que a pol\u00edtica de devolu\u00e7\u00e3o **n\u00e3o se aplica** em casos onde houve uso indevido, fraude, ou se a solicita\u00e7\u00e3o for feita ap\u00f3s o per\u00edodo de 14 dias.\n\nPara mais detalhes, voc\u00ea pode consultar a p\u00e1gina oficial da nossa Pol\u00edtica de Devolu\u00e7\u00f5es em: [https:\/\/tipsterpage.com\/refund-policy\/](https:\/\/tipsterpage.com\/refund-policy\/)\n\nEspero que esta informa\u00e7\u00e3o seja \u00fatil! Se tiver mais alguma d\u00favida, \u00e9 s\u00f3 perguntar.<\/p><p><strong>O que s\u00e3o produtos de compra final?<\/strong><br \/>Os produtos de compra final s\u00e3o aqueles que, por sua natureza, s\u00e3o considerados n\u00e3o reembols\u00e1veis. Na TipsterPage, todos os produtos oferecidos s\u00e3o do tipo conte\u00fado digital. Portanto, o acesso imediato ap\u00f3s a compra equivale ao seu consumo.<\/p><p><strong>Os produtos oferecidos pela TipsterPage s\u00e3o reembols\u00e1veis?<\/strong><br \/>Dadas as circunst\u00e2ncias acima mencionadas, os produtos s\u00e3o considerados de compra final e, portanto, n\u00e3o reembols\u00e1veis.<\/p>\t\t\t\t\t\t\t\t<\/div>\n\t\t\t\t<div class=\"elementor-element elementor-element-63453e3 elementor-widget-mobile__width-initial elementor-widget elementor-widget-icon-box\" data-id=\"63453e3\" data-element_type=\"widget\" data-e-type=\"widget\" data-widget_type=\"icon-box.default\">\n\t\t\t\t\t\t\t<div class=\"elementor-icon-box-wrapper\">\n\n\t\t\t\n\t\t\t\t\t\t<div class=\"elementor-icon-box-content\">\n\n\t\t\t\t\n\t\t\t\t\t\t\t\t\t<p class=\"elementor-icon-box-description\">\n\t\t\t\t\t\t2. EXCE\u00c7\u00d5ES PARA SUBSTITUI\u00c7\u00c3O OU DEVOLU\u00c7\u00c3O\t\t\t\t\t<\/p>\n\t\t\t\t\n\t\t\t<\/div>\n\t\t\t\n\t\t<\/div>\n\t\t\t\t\t\t<\/div>\n\t\t\t\t<div class=\"elementor-element elementor-element-f61bc90 elementor-widget elementor-widget-text-editor\" data-id=\"f61bc90\" data-element_type=\"widget\" data-e-type=\"widget\" data-widget_type=\"text-editor.default\">\n\t\t\t\t\t\t\t\t\t<p>Direito de substitui\u00e7\u00e3o ou devolu\u00e7\u00e3o em determinadas circunst\u00e2ncias.<\/p><p>No caso de que ocorra qualquer uma das seguintes hip\u00f3teses:<br \/>\u2022 Impossibilidade de acesso ao produto digital devido a um erro t\u00e9cnico da TipsterPage.<br \/>\u2022 Que o produto digital n\u00e3o seja entregue no prazo e nas condi\u00e7\u00f5es acordadas.<br \/>\u2022 Que o produto digital apresente defeito.<br \/>\u2022 Que a aquisi\u00e7\u00e3o de produtos em nossa plataforma tenha sido realizada de forma fraudulenta ou n\u00e3o autorizada.<br \/>\u2022 Se por um erro de qualquer natureza o valor cobrado ao cliente n\u00e3o corresponder \u00e0 fatura ou ao recibo fornecido.<br \/>\u2022 No caso de que ocorram cobran\u00e7as duplicadas, seja por falha t\u00e9cnica da TipsterPage ou por erro do cliente.<\/p><p>O usu\u00e1rio ter\u00e1 um per\u00edodo de 5 dias corridos ap\u00f3s a notifica\u00e7\u00e3o da cobran\u00e7a para solicitar o reembolso ou a substitui\u00e7\u00e3o por um produto de caracter\u00edsticas semelhantes.<\/p><p>Para consultas e reclama\u00e7\u00f5es, o usu\u00e1rio pode entrar em contato atrav\u00e9s dos seguintes canais: E-mail: cliente@tipsterpage.com<\/p><section data-id=\"f9a34b1\" data-element_type=\"section\" data-settings=\"{\"><div><div data-id=\"5b2c370\" data-element_type=\"column\"><div><div><div data-id=\"070d434\" data-element_type=\"widget\" data-widget_type=\"text-editor.default\"><p><strong>GGBAMARKETING SOLUTIONS S.L.<\/strong><\/p><\/div><\/div><\/div><\/div><\/div><\/section>\t\t\t\t\t\t\t\t<\/div>\n\t\t\t\t\t<\/div>\n\t\t<\/div>\n\t\t\t\t\t<\/div>\n\t\t<\/section>\n\t\t\t\t\t<\/div>\n\t\t<\/div>\n\t\t\t\t\t<\/div>\n\t\t<\/section>\n\t\t\t\t<\/div>","protected":false},"excerpt":{"rendered":"<p>Pol\u00edtica de devoluciones plataforma TipsterPage&#8230; Tipsterpage.com &#8211; Plataforma online de gesti\u00f3n de clientes e identidad digital 1. PRODUCTOS DIGITALES DE COMPRA FINAL GGBAMARKETING SOLUTIONS S.L.\u00a0informa acerca de la pol\u00edtica de devoluciones de su p\u00e1gina web tipsterpage.com \u00bfQu\u00e9 son los productos de compra final?Los productos de compra final son aquellos que se consideran no reembolsables dada [&hellip;]<\/p>\n","protected":false},"author":3,"featured_media":0,"parent":0,"menu_order":0,"comment_status":"closed","ping_status":"closed","template":"","meta":{"footnotes":""},"class_list":["post-1111","page","type-page","status-publish","hentry"],"yoast_head":"<!-- This site is optimized with the Yoast SEO plugin v27.5 - https:\/\/yoast.com\/product\/yoast-seo-wordpress\/ -->\n<title>Pol\u00edtica de Devoluciones - Web oficial Tipsterpage<\/title>\n<meta name=\"robots\" content=\"index, follow, max-snippet:-1, max-image-preview:large, max-video-preview:-1\" \/>\n<link rel=\"canonical\" href=\"https:\/\/www.tipsterpage.com\/pt_br\/politica-de-devoluciones\/\" \/>\n<meta property=\"og:locale\" content=\"pt_BR\" \/>\n<meta property=\"og:type\" content=\"article\" \/>\n<meta property=\"og:title\" content=\"Pol\u00edtica de Devoluciones - Web oficial Tipsterpage\" \/>\n<meta property=\"og:description\" content=\"Pol\u00edtica de devoluciones plataforma TipsterPage&#8230; Tipsterpage.com &#8211; Plataforma online de gesti\u00f3n de clientes e identidad digital 1. PRODUCTOS DIGITALES DE COMPRA FINAL GGBAMARKETING SOLUTIONS S.L.\u00a0informa acerca de la pol\u00edtica de devoluciones de su p\u00e1gina web tipsterpage.com \u00bfQu\u00e9 son los productos de compra final?Los productos de compra final son aquellos que se consideran no reembolsables dada [&hellip;]\" \/>\n<meta property=\"og:url\" content=\"https:\/\/www.tipsterpage.com\/pt_br\/politica-de-devoluciones\/\" \/>\n<meta property=\"og:site_name\" content=\"Web oficial Tipsterpage\" \/>\n<meta property=\"article:modified_time\" content=\"2026-05-05T19:36:36+00:00\" \/>\n<meta name=\"twitter:card\" content=\"summary_large_image\" \/>\n<meta name=\"twitter:label1\" content=\"Est. reading time\" \/>\n\t<meta name=\"twitter:data1\" content=\"1 minute\" \/>\n<script type=\"application\/ld+json\" class=\"yoast-schema-graph\">{\"@context\":\"https:\\\/\\\/schema.org\",\"@graph\":[{\"@type\":\"WebPage\",\"@id\":\"https:\\\/\\\/www.tipsterpage.com\\\/fr\\\/politica-de-devoluciones\\\/\",\"url\":\"https:\\\/\\\/www.tipsterpage.com\\\/fr\\\/politica-de-devoluciones\\\/\",\"name\":\"Pol\u00edtica de Devoluciones - Web oficial Tipsterpage\",\"isPartOf\":{\"@id\":\"https:\\\/\\\/www.tipsterpage.com\\\/#website\"},\"datePublished\":\"2026-05-05T19:36:34+00:00\",\"dateModified\":\"2026-05-05T19:36:36+00:00\",\"breadcrumb\":{\"@id\":\"https:\\\/\\\/www.tipsterpage.com\\\/fr\\\/politica-de-devoluciones\\\/#breadcrumb\"},\"inLanguage\":\"pt-BR\",\"potentialAction\":[{\"@type\":\"ReadAction\",\"target\":[\"https:\\\/\\\/www.tipsterpage.com\\\/fr\\\/politica-de-devoluciones\\\/\"]}]},{\"@type\":\"BreadcrumbList\",\"@id\":\"https:\\\/\\\/www.tipsterpage.com\\\/fr\\\/politica-de-devoluciones\\\/#breadcrumb\",\"itemListElement\":[{\"@type\":\"ListItem\",\"position\":1,\"name\":\"Home\",\"item\":\"https:\\\/\\\/www.tipsterpage.com\\\/\"},{\"@type\":\"ListItem\",\"position\":2,\"name\":\"Pol\u00edtica de Devoluciones\"}]},{\"@type\":\"WebSite\",\"@id\":\"https:\\\/\\\/www.tipsterpage.com\\\/#website\",\"url\":\"https:\\\/\\\/www.tipsterpage.com\\\/\",\"name\":\"Tipsterpage\",\"description\":\"\",\"potentialAction\":[{\"@type\":\"SearchAction\",\"target\":{\"@type\":\"EntryPoint\",\"urlTemplate\":\"https:\\\/\\\/www.tipsterpage.com\\\/?s={search_term_string}\"},\"query-input\":{\"@type\":\"PropertyValueSpecification\",\"valueRequired\":true,\"valueName\":\"search_term_string\"}}],\"inLanguage\":\"pt-BR\"}]}<\/script>\n<!-- \/ Yoast SEO plugin. -->","yoast_head_json":{"title":"Pol\u00edtica de Devoluciones - Web oficial Tipsterpage","robots":{"index":"index","follow":"follow","max-snippet":"max-snippet:-1","max-image-preview":"max-image-preview:large","max-video-preview":"max-video-preview:-1"},"canonical":"https:\/\/www.tipsterpage.com\/pt_br\/politica-de-devoluciones\/","og_locale":"pt_BR","og_type":"article","og_title":"Pol\u00edtica de Devoluciones - Web oficial Tipsterpage","og_description":"Pol\u00edtica de devoluciones plataforma TipsterPage&#8230; Tipsterpage.com &#8211; Plataforma online de gesti\u00f3n de clientes e identidad digital 1. PRODUCTOS DIGITALES DE COMPRA FINAL GGBAMARKETING SOLUTIONS S.L.\u00a0informa acerca de la pol\u00edtica de devoluciones de su p\u00e1gina web tipsterpage.com \u00bfQu\u00e9 son los productos de compra final?Los productos de compra final son aquellos que se consideran no reembolsables dada [&hellip;]","og_url":"https:\/\/www.tipsterpage.com\/pt_br\/politica-de-devoluciones\/","og_site_name":"Web oficial Tipsterpage","article_modified_time":"2026-05-05T19:36:36+00:00","twitter_card":"summary_large_image","twitter_misc":{"Est. reading time":"1 minute"},"schema":{"@context":"https:\/\/schema.org","@graph":[{"@type":"WebPage","@id":"https:\/\/www.tipsterpage.com\/fr\/politica-de-devoluciones\/","url":"https:\/\/www.tipsterpage.com\/fr\/politica-de-devoluciones\/","name":"Pol\u00edtica de Devoluciones - Web oficial Tipsterpage","isPartOf":{"@id":"https:\/\/www.tipsterpage.com\/#website"},"datePublished":"2026-05-05T19:36:34+00:00","dateModified":"2026-05-05T19:36:36+00:00","breadcrumb":{"@id":"https:\/\/www.tipsterpage.com\/fr\/politica-de-devoluciones\/#breadcrumb"},"inLanguage":"pt-BR","potentialAction":[{"@type":"ReadAction","target":["https:\/\/www.tipsterpage.com\/fr\/politica-de-devoluciones\/"]}]},{"@type":"BreadcrumbList","@id":"https:\/\/www.tipsterpage.com\/fr\/politica-de-devoluciones\/#breadcrumb","itemListElement":[{"@type":"ListItem","position":1,"name":"Home","item":"https:\/\/www.tipsterpage.com\/"},{"@type":"ListItem","position":2,"name":"Pol\u00edtica de Devoluciones"}]},{"@type":"WebSite","@id":"https:\/\/www.tipsterpage.com\/#website","url":"https:\/\/www.tipsterpage.com\/","name":"Tipsterpage","description":"","potentialAction":[{"@type":"SearchAction","target":{"@type":"EntryPoint","urlTemplate":"https:\/\/www.tipsterpage.com\/?s={search_term_string}"},"query-input":{"@type":"PropertyValueSpecification","valueRequired":true,"valueName":"search_term_string"}}],"inLanguage":"pt-BR"}]}},"_links":{"self":[{"href":"https:\/\/www.tipsterpage.com\/pt_br\/wp-json\/wp\/v2\/pages\/1111","targetHints":{"allow":["GET"]}}],"collection":[{"href":"https:\/\/www.tipsterpage.com\/pt_br\/wp-json\/wp\/v2\/pages"}],"about":[{"href":"https:\/\/www.tipsterpage.com\/pt_br\/wp-json\/wp\/v2\/types\/page"}],"author":[{"embeddable":true,"href":"https:\/\/www.tipsterpage.com\/pt_br\/wp-json\/wp\/v2\/users\/3"}],"replies":[{"embeddable":true,"href":"https:\/\/www.tipsterpage.com\/pt_br\/wp-json\/wp\/v2\/comments?post=1111"}],"version-history":[{"count":4,"href":"https:\/\/www.tipsterpage.com\/pt_br\/wp-json\/wp\/v2\/pages\/1111\/revisions"}],"predecessor-version":[{"id":1115,"href":"https:\/\/www.tipsterpage.com\/pt_br\/wp-json\/wp\/v2\/pages\/1111\/revisions\/1115"}],"wp:attachment":[{"href":"https:\/\/www.tipsterpage.com\/pt_br\/wp-json\/wp\/v2\/media?parent=1111"}],"curies":[{"name":"wp","href":"https:\/\/api.w.org\/{rel}","templated":true}]}}