{"id":255,"date":"2026-03-16T13:50:28","date_gmt":"2026-03-16T13:50:28","guid":{"rendered":"https:\/\/paleturquoise-toad-281711.hostingersite.com\/?page_id=255"},"modified":"2026-05-07T17:58:25","modified_gmt":"2026-05-07T17:58:25","slug":"nosotros","status":"publish","type":"page","link":"https:\/\/www.tipsterpage.com\/pt_br\/nosotros\/","title":{"rendered":"N\u00f3s"},"content":{"rendered":"<div data-elementor-type=\"wp-page\" data-elementor-id=\"255\" class=\"elementor elementor-255\" data-elementor-post-type=\"page\">\n\t\t\t\t\t\t<section class=\"elementor-section elementor-top-section elementor-element elementor-element-77844764 elementor-section-height-full elementor-section-boxed elementor-section-height-default elementor-section-items-middle\" data-id=\"77844764\" data-element_type=\"section\" data-e-type=\"section\" data-settings=\"{&quot;background_background&quot;:&quot;classic&quot;}\">\n\t\t\t\t\t\t\t<div class=\"elementor-background-overlay\"><\/div>\n\t\t\t\t\t\t\t<div class=\"elementor-container elementor-column-gap-default\">\n\t\t\t\t\t<div class=\"elementor-column elementor-col-100 elementor-top-column elementor-element elementor-element-497a6753\" data-id=\"497a6753\" data-element_type=\"column\" data-e-type=\"column\">\n\t\t\t<div class=\"elementor-widget-wrap elementor-element-populated\">\n\t\t\t\t\t\t<div class=\"elementor-element elementor-element-23d70194 elementor-invisible elementor-widget elementor-widget-heading\" data-id=\"23d70194\" data-element_type=\"widget\" data-e-type=\"widget\" data-settings=\"{&quot;_animation&quot;:&quot;fadeInLeft&quot;}\" data-widget_type=\"heading.default\">\n\t\t\t\t\t<h1 class=\"elementor-heading-title elementor-size-default\">Que es Tipsterpage <br> y que hacemos <\/h1>\t\t\t\t<\/div>\n\t\t\t\t<div class=\"elementor-element elementor-element-4c7e870b elementor-invisible elementor-widget elementor-widget-text-editor\" data-id=\"4c7e870b\" data-element_type=\"widget\" data-e-type=\"widget\" data-settings=\"{&quot;_animation&quot;:&quot;fadeInLeft&quot;}\" data-widget_type=\"text-editor.default\">\n\t\t\t\t\t\t\t\t\t<p>Convierte tu audiencia en ingresos con una plataforma\u00a0 dise\u00f1ada para escalar, automatizar pagos y maximizar tus resultados<\/p>\t\t\t\t\t\t\t\t<\/div>\n\t\t\t\t\t<\/div>\n\t\t<\/div>\n\t\t\t\t\t<\/div>\n\t\t<\/section>\n\t\t\t\t<section class=\"elementor-section elementor-top-section elementor-element elementor-element-2142f1a4 elementor-section-content-middle elementor-section-boxed elementor-section-height-default elementor-section-height-default\" data-id=\"2142f1a4\" data-element_type=\"section\" data-e-type=\"section\" id=\"somos\" data-settings=\"{&quot;background_background&quot;:&quot;classic&quot;}\">\n\t\t\t\t\t\t\t<div class=\"elementor-background-overlay\"><\/div>\n\t\t\t\t\t\t\t<div class=\"elementor-container elementor-column-gap-default\">\n\t\t\t\t\t<div class=\"elementor-column elementor-col-100 elementor-top-column elementor-element elementor-element-3c6bcdbd\" data-id=\"3c6bcdbd\" data-element_type=\"column\" data-e-type=\"column\">\n\t\t\t<div class=\"elementor-widget-wrap elementor-element-populated\">\n\t\t\t\t\t\t<div class=\"elementor-element elementor-element-35d32d24 elementor-widget elementor-widget-icon-box\" data-id=\"35d32d24\" data-element_type=\"widget\" data-e-type=\"widget\" data-widget_type=\"icon-box.default\">\n\t\t\t\t\t\t\t<div class=\"elementor-icon-box-wrapper\">\n\n\t\t\t\n\t\t\t\t\t\t<div class=\"elementor-icon-box-content\">\n\n\t\t\t\t\t\t\t\t\t<h4 class=\"elementor-icon-box-title\">\n\t\t\t\t\t\t<span  >\n\t\t\t\t\t\t\tAcerca de nosotros\t\t\t\t\t\t<\/span>\n\t\t\t\t\t<\/h4>\n\t\t\t\t\n\t\t\t\t\t\t\t\t\t<p class=\"elementor-icon-box-description\">\n\t\t\t\t\t\tRevoluci\u00f3n Tipsterpage\t\t\t\t\t<\/p>\n\t\t\t\t\n\t\t\t<\/div>\n\t\t\t\n\t\t<\/div>\n\t\t\t\t\t\t<\/div>\n\t\t\t\t<section class=\"elementor-section elementor-inner-section elementor-element elementor-element-1a7d7e2 elementor-section-content-middle elementor-section-boxed elementor-section-height-default elementor-section-height-default\" data-id=\"1a7d7e2\" data-element_type=\"section\" data-e-type=\"section\">\n\t\t\t\t\t\t<div class=\"elementor-container elementor-column-gap-default\">\n\t\t\t\t\t<div class=\"elementor-column elementor-col-50 elementor-inner-column elementor-element elementor-element-381acd1c\" data-id=\"381acd1c\" data-element_type=\"column\" data-e-type=\"column\">\n\t\t\t<div class=\"elementor-widget-wrap elementor-element-populated\">\n\t\t\t\t\t\t<div class=\"elementor-element elementor-element-5fc52091 elementor-widget elementor-widget-icon-box\" data-id=\"5fc52091\" data-element_type=\"widget\" data-e-type=\"widget\" data-widget_type=\"icon-box.default\">\n\t\t\t\t\t\t\t<div class=\"elementor-icon-box-wrapper\">\n\n\t\t\t\n\t\t\t\t\t\t<div class=\"elementor-icon-box-content\">\n\n\t\t\t\t\n\t\t\t\t\t\t\t\t\t<p class=\"elementor-icon-box-description\">\n\t\t\t\t\t\tLa mejor herramienta para cualquier negocio y comunidad!\t\t\t\t\t<\/p>\n\t\t\t\t\n\t\t\t<\/div>\n\t\t\t\n\t\t<\/div>\n\t\t\t\t\t\t<\/div>\n\t\t\t\t<div class=\"elementor-element elementor-element-1efb95d0 elementor-widget elementor-widget-text-editor\" data-id=\"1efb95d0\" data-element_type=\"widget\" data-e-type=\"widget\" data-widget_type=\"text-editor.default\">\n\t\t\t\t\t\t\t\t\t<p>Fundada en 2020, TipsterPage es una plataforma tecnol\u00f3gica dise\u00f1ada para creadores de contenido, comunidades y negocios digitales que buscan monetizar de forma eficiente. Integramos pagos, afiliaci\u00f3n y herramientas de crecimiento en un solo lugar, permiti\u00e9ndote escalar sin complicaciones t\u00e9cnicas.<\/p><p>Trabajamos con algunos de los mayores creadores del sector, ayud\u00e1ndoles a aumentar sus ingresos, optimizar sus conversiones y profesionalizar su operativa con soluciones pensadas para el d\u00eda a d\u00eda.<\/p>\t\t\t\t\t\t\t\t<\/div>\n\t\t\t\t<div class=\"elementor-element elementor-element-26a0296 elementor-view-stacked elementor-position-inline-start elementor-mobile-position-inline-start elementor-shape-circle elementor-widget elementor-widget-icon-box\" data-id=\"26a0296\" data-element_type=\"widget\" data-e-type=\"widget\" data-widget_type=\"icon-box.default\">\n\t\t\t\t\t\t\t<div class=\"elementor-icon-box-wrapper\">\n\n\t\t\t\t\t\t<div class=\"elementor-icon-box-icon\">\n\t\t\t\t<span  class=\"elementor-icon\">\n\t\t\t\t<svg aria-hidden=\"true\" class=\"e-font-icon-svg e-fas-fire\" viewbox=\"0 0 384 512\" xmlns=\"http:\/\/www.w3.org\/2000\/svg\"><path d=\"M216 23.86c0-23.8-30.65-32.77-44.15-13.04C48 191.85 224 200 224 288c0 35.63-29.11 64.46-64.85 63.99-35.17-.45-63.15-29.77-63.15-64.94v-85.51c0-21.7-26.47-32.23-41.43-16.5C27.8 213.16 0 261.33 0 320c0 105.87 86.13 192 192 192s192-86.13 192-192c0-170.29-168-193-168-296.14z\"><\/path><\/svg>\t\t\t\t<\/span>\n\t\t\t<\/div>\n\t\t\t\n\t\t\t\t\t\t<div class=\"elementor-icon-box-content\">\n\n\t\t\t\t\t\t\t\t\t<h3 class=\"elementor-icon-box-title\">\n\t\t\t\t\t\t<span  >\n\t\t\t\t\t\t\tServicios de marca\t\t\t\t\t\t<\/span>\n\t\t\t\t\t<\/h3>\n\t\t\t\t\n\t\t\t\t\t\t\t\t\t<p class=\"elementor-icon-box-description\">\n\t\t\t\t\t\tConvierte tu audiencia en ingresos con una plataforma dise\u00f1ada para escalar, automatizar pagos y maximizar tus resultados\t\t\t\t\t<\/p>\n\t\t\t\t\n\t\t\t<\/div>\n\t\t\t\n\t\t<\/div>\n\t\t\t\t\t\t<\/div>\n\t\t\t\t<div class=\"elementor-element elementor-element-421a706a elementor-view-stacked elementor-position-inline-start elementor-mobile-position-inline-start elementor-shape-circle elementor-widget elementor-widget-icon-box\" data-id=\"421a706a\" data-element_type=\"widget\" data-e-type=\"widget\" data-widget_type=\"icon-box.default\">\n\t\t\t\t\t\t\t<div class=\"elementor-icon-box-wrapper\">\n\n\t\t\t\t\t\t<div class=\"elementor-icon-box-icon\">\n\t\t\t\t<span  class=\"elementor-icon\">\n\t\t\t\t<svg aria-hidden=\"true\" class=\"e-font-icon-svg e-fas-chart-line\" viewbox=\"0 0 512 512\" xmlns=\"http:\/\/www.w3.org\/2000\/svg\"><path d=\"M496 384H64V80c0-8.84-7.16-16-16-16H16C7.16 64 0 71.16 0 80v336c0 17.67 14.33 32 32 32h464c8.84 0 16-7.16 16-16v-32c0-8.84-7.16-16-16-16zM464 96H345.94c-21.38 0-32.09 25.85-16.97 40.97l32.4 32.4L288 242.75l-73.37-73.37c-12.5-12.5-32.76-12.5-45.25 0l-68.69 68.69c-6.25 6.25-6.25 16.38 0 22.63l22.62 22.62c6.25 6.25 16.38 6.25 22.63 0L192 237.25l73.37 73.37c12.5 12.5 32.76 12.5 45.25 0l96-96 32.4 32.4c15.12 15.12 40.97 4.41 40.97-16.97V112c.01-8.84-7.15-16-15.99-16z\"><\/path><\/svg>\t\t\t\t<\/span>\n\t\t\t<\/div>\n\t\t\t\n\t\t\t\t\t\t<div class=\"elementor-icon-box-content\">\n\n\t\t\t\t\t\t\t\t\t<h3 class=\"elementor-icon-box-title\">\n\t\t\t\t\t\t<span  >\n\t\t\t\t\t\t\tVentas masivas\t\t\t\t\t\t<\/span>\n\t\t\t\t\t<\/h3>\n\t\t\t\t\n\t\t\t\t\t\t\t\t\t<p class=\"elementor-icon-box-description\">\n\t\t\t\t\t\tConvierte tu audiencia en ingresos con nuestro sistema optimizado de pagos, suscripciones y funnels de conversi\u00f3n adaptados a tu comunidad\t\t\t\t\t<\/p>\n\t\t\t\t\n\t\t\t<\/div>\n\t\t\t\n\t\t<\/div>\n\t\t\t\t\t\t<\/div>\n\t\t\t\t<div class=\"elementor-element elementor-element-36be7c2e elementor-view-stacked elementor-position-inline-start elementor-mobile-position-inline-start elementor-shape-circle elementor-widget elementor-widget-icon-box\" data-id=\"36be7c2e\" data-element_type=\"widget\" data-e-type=\"widget\" data-widget_type=\"icon-box.default\">\n\t\t\t\t\t\t\t<div class=\"elementor-icon-box-wrapper\">\n\n\t\t\t\t\t\t<div class=\"elementor-icon-box-icon\">\n\t\t\t\t<span  class=\"elementor-icon\">\n\t\t\t\t<svg aria-hidden=\"true\" class=\"e-font-icon-svg e-fas-laptop\" viewbox=\"0 0 640 512\" xmlns=\"http:\/\/www.w3.org\/2000\/svg\"><path d=\"M624 416H381.54c-.74 19.81-14.71 32-32.74 32H288c-18.69 0-33.02-17.47-32.77-32H16c-8.8 0-16 7.2-16 16v16c0 35.2 28.8 64 64 64h512c35.2 0 64-28.8 64-64v-16c0-8.8-7.2-16-16-16zM576 48c0-26.4-21.6-48-48-48H112C85.6 0 64 21.6 64 48v336h512V48zm-64 272H128V64h384v256z\"><\/path><\/svg>\t\t\t\t<\/span>\n\t\t\t<\/div>\n\t\t\t\n\t\t\t\t\t\t<div class=\"elementor-icon-box-content\">\n\n\t\t\t\t\t\t\t\t\t<h3 class=\"elementor-icon-box-title\">\n\t\t\t\t\t\t<span  >\n\t\t\t\t\t\t\tPanel de administrador\t\t\t\t\t\t<\/span>\n\t\t\t\t\t<\/h3>\n\t\t\t\t\n\t\t\t\t\t\t\t\t\t<p class=\"elementor-icon-box-description\">\n\t\t\t\t\t\tControl total de tu negocio desde un dashboard intuitivo: ventas, clientes, rendimiento y anal\u00edtica avanzada en tiempo real.\t\t\t\t\t<\/p>\n\t\t\t\t\n\t\t\t<\/div>\n\t\t\t\n\t\t<\/div>\n\t\t\t\t\t\t<\/div>\n\t\t\t\t\t<\/div>\n\t\t<\/div>\n\t\t\t\t<div class=\"elementor-column elementor-col-50 elementor-inner-column elementor-element elementor-element-3cb0b3e6\" data-id=\"3cb0b3e6\" data-element_type=\"column\" data-e-type=\"column\">\n\t\t\t<div class=\"elementor-widget-wrap elementor-element-populated\">\n\t\t\t\t\t\t<div class=\"elementor-element elementor-element-421df22f elementor-widget elementor-widget-image\" data-id=\"421df22f\" data-element_type=\"widget\" data-e-type=\"widget\" data-widget_type=\"image.default\">\n\t\t\t\t\t\t\t\t\t\t\t\t\t\t\t<img decoding=\"async\" src=\"https:\/\/www.tipsterpage.com\/wp-content\/uploads\/elementor\/thumbs\/2daaa15efd6fccf18ef8eaa3530250f2567e30ad-rnak9hric6g2j9chx6byu2i1blt31nhcv712ikixls.webp\" title=\"2daaa15efd6fccf18ef8eaa3530250f2567e30ad.webp\" alt=\"2daaa15efd6fccf18ef8eaa3530250f2567e30ad.webp\" loading=\"lazy\" \/>\t\t\t\t\t\t\t\t\t\t\t\t\t\t\t<\/div>\n\t\t\t\t\t<\/div>\n\t\t<\/div>\n\t\t\t\t\t<\/div>\n\t\t<\/section>\n\t\t\t\t\t<\/div>\n\t\t<\/div>\n\t\t\t\t\t<\/div>\n\t\t<\/section>\n\t\t\t\t<\/div>","protected":false},"excerpt":{"rendered":"<p>Que es Tipsterpage y que hacemos Convierte tu audiencia en ingresos con una plataforma\u00a0 dise\u00f1ada para escalar, automatizar pagos y maximizar tus resultados Acerca de nosotros Revoluci\u00f3n Tipsterpage La mejor herramienta para cualquier negocio y comunidad! Fundada en 2020, TipsterPage es una plataforma tecnol\u00f3gica dise\u00f1ada para creadores de contenido, comunidades y negocios digitales que buscan [&hellip;]<\/p>\n","protected":false},"author":2,"featured_media":0,"parent":0,"menu_order":0,"comment_status":"closed","ping_status":"closed","template":"","meta":{"footnotes":""},"class_list":["post-255","page","type-page","status-publish","hentry"],"yoast_head":"<!-- This site is optimized with the Yoast SEO plugin v27.5 - https:\/\/yoast.com\/product\/yoast-seo-wordpress\/ -->\n<title>Nosotros - Web oficial Tipsterpage<\/title>\n<meta name=\"robots\" content=\"index, follow, max-snippet:-1, max-image-preview:large, max-video-preview:-1\" \/>\n<link rel=\"canonical\" href=\"https:\/\/www.tipsterpage.com\/pt_br\/nosotros\/\" \/>\n<meta property=\"og:locale\" content=\"pt_BR\" \/>\n<meta property=\"og:type\" content=\"article\" \/>\n<meta property=\"og:title\" content=\"Nosotros - Web oficial Tipsterpage\" \/>\n<meta property=\"og:description\" content=\"Que es Tipsterpage y que hacemos Convierte tu audiencia en ingresos con una plataforma\u00a0 dise\u00f1ada para escalar, automatizar pagos y maximizar tus resultados Acerca de nosotros Revoluci\u00f3n Tipsterpage La mejor herramienta para cualquier negocio y comunidad! Fundada en 2020, TipsterPage es una plataforma tecnol\u00f3gica dise\u00f1ada para creadores de contenido, comunidades y negocios digitales que buscan [&hellip;]\" \/>\n<meta property=\"og:url\" content=\"https:\/\/www.tipsterpage.com\/pt_br\/nosotros\/\" \/>\n<meta property=\"og:site_name\" content=\"Web oficial Tipsterpage\" \/>\n<meta property=\"article:modified_time\" content=\"2026-05-07T17:58:25+00:00\" \/>\n<meta property=\"og:image\" content=\"https:\/\/www.tipsterpage.com\/wp-content\/uploads\/elementor\/thumbs\/2daaa15efd6fccf18ef8eaa3530250f2567e30ad-rlf609o7ihf2bf5qopznebz6gfawsmzsogz7f85t40.webp\" \/>\n<meta name=\"twitter:card\" content=\"summary_large_image\" \/>\n<meta name=\"twitter:label1\" content=\"Est. reading time\" \/>\n\t<meta name=\"twitter:data1\" content=\"1 minute\" \/>\n<script type=\"application\/ld+json\" class=\"yoast-schema-graph\">{\"@context\":\"https:\\\/\\\/schema.org\",\"@graph\":[{\"@type\":\"WebPage\",\"@id\":\"https:\\\/\\\/www.tipsterpage.com\\\/nosotros\\\/\",\"url\":\"https:\\\/\\\/www.tipsterpage.com\\\/nosotros\\\/\",\"name\":\"Nosotros - Web oficial Tipsterpage\",\"isPartOf\":{\"@id\":\"https:\\\/\\\/www.tipsterpage.com\\\/#website\"},\"primaryImageOfPage\":{\"@id\":\"https:\\\/\\\/www.tipsterpage.com\\\/nosotros\\\/#primaryimage\"},\"image\":{\"@id\":\"https:\\\/\\\/www.tipsterpage.com\\\/nosotros\\\/#primaryimage\"},\"thumbnailUrl\":\"https:\\\/\\\/www.tipsterpage.com\\\/wp-content\\\/uploads\\\/elementor\\\/thumbs\\\/2daaa15efd6fccf18ef8eaa3530250f2567e30ad-rlf609o7ihf2bf5qopznebz6gfawsmzsogz7f85t40.webp\",\"datePublished\":\"2026-03-16T13:50:28+00:00\",\"dateModified\":\"2026-05-07T17:58:25+00:00\",\"breadcrumb\":{\"@id\":\"https:\\\/\\\/www.tipsterpage.com\\\/nosotros\\\/#breadcrumb\"},\"inLanguage\":\"pt-BR\",\"potentialAction\":[{\"@type\":\"ReadAction\",\"target\":[\"https:\\\/\\\/www.tipsterpage.com\\\/nosotros\\\/\"]}]},{\"@type\":\"ImageObject\",\"inLanguage\":\"pt-BR\",\"@id\":\"https:\\\/\\\/www.tipsterpage.com\\\/nosotros\\\/#primaryimage\",\"url\":\"https:\\\/\\\/www.tipsterpage.com\\\/wp-content\\\/uploads\\\/elementor\\\/thumbs\\\/2daaa15efd6fccf18ef8eaa3530250f2567e30ad-rlf609o7ihf2bf5qopznebz6gfawsmzsogz7f85t40.webp\",\"contentUrl\":\"https:\\\/\\\/www.tipsterpage.com\\\/wp-content\\\/uploads\\\/elementor\\\/thumbs\\\/2daaa15efd6fccf18ef8eaa3530250f2567e30ad-rlf609o7ihf2bf5qopznebz6gfawsmzsogz7f85t40.webp\"},{\"@type\":\"BreadcrumbList\",\"@id\":\"https:\\\/\\\/www.tipsterpage.com\\\/nosotros\\\/#breadcrumb\",\"itemListElement\":[{\"@type\":\"ListItem\",\"position\":1,\"name\":\"Home\",\"item\":\"https:\\\/\\\/www.tipsterpage.com\\\/\"},{\"@type\":\"ListItem\",\"position\":2,\"name\":\"Nosotros\"}]},{\"@type\":\"WebSite\",\"@id\":\"https:\\\/\\\/www.tipsterpage.com\\\/#website\",\"url\":\"https:\\\/\\\/www.tipsterpage.com\\\/\",\"name\":\"Tipsterpage\",\"description\":\"\",\"potentialAction\":[{\"@type\":\"SearchAction\",\"target\":{\"@type\":\"EntryPoint\",\"urlTemplate\":\"https:\\\/\\\/www.tipsterpage.com\\\/?s={search_term_string}\"},\"query-input\":{\"@type\":\"PropertyValueSpecification\",\"valueRequired\":true,\"valueName\":\"search_term_string\"}}],\"inLanguage\":\"pt-BR\"}]}<\/script>\n<!-- \/ Yoast SEO plugin. -->","yoast_head_json":{"title":"Nosotros - Web oficial Tipsterpage","robots":{"index":"index","follow":"follow","max-snippet":"max-snippet:-1","max-image-preview":"max-image-preview:large","max-video-preview":"max-video-preview:-1"},"canonical":"https:\/\/www.tipsterpage.com\/pt_br\/nosotros\/","og_locale":"pt_BR","og_type":"article","og_title":"Nosotros - Web oficial Tipsterpage","og_description":"Que es Tipsterpage y que hacemos Convierte tu audiencia en ingresos con una plataforma\u00a0 dise\u00f1ada para escalar, automatizar pagos y maximizar tus resultados Acerca de nosotros Revoluci\u00f3n Tipsterpage La mejor herramienta para cualquier negocio y comunidad! Fundada en 2020, TipsterPage es una plataforma tecnol\u00f3gica dise\u00f1ada para creadores de contenido, comunidades y negocios digitales que buscan [&hellip;]","og_url":"https:\/\/www.tipsterpage.com\/pt_br\/nosotros\/","og_site_name":"Web oficial Tipsterpage","article_modified_time":"2026-05-07T17:58:25+00:00","og_image":[{"url":"https:\/\/www.tipsterpage.com\/wp-content\/uploads\/elementor\/thumbs\/2daaa15efd6fccf18ef8eaa3530250f2567e30ad-rlf609o7ihf2bf5qopznebz6gfawsmzsogz7f85t40.webp","type":"","width":"","height":""}],"twitter_card":"summary_large_image","twitter_misc":{"Est. reading time":"1 minute"},"schema":{"@context":"https:\/\/schema.org","@graph":[{"@type":"WebPage","@id":"https:\/\/www.tipsterpage.com\/nosotros\/","url":"https:\/\/www.tipsterpage.com\/nosotros\/","name":"Nosotros - Web oficial Tipsterpage","isPartOf":{"@id":"https:\/\/www.tipsterpage.com\/#website"},"primaryImageOfPage":{"@id":"https:\/\/www.tipsterpage.com\/nosotros\/#primaryimage"},"image":{"@id":"https:\/\/www.tipsterpage.com\/nosotros\/#primaryimage"},"thumbnailUrl":"https:\/\/www.tipsterpage.com\/wp-content\/uploads\/elementor\/thumbs\/2daaa15efd6fccf18ef8eaa3530250f2567e30ad-rlf609o7ihf2bf5qopznebz6gfawsmzsogz7f85t40.webp","datePublished":"2026-03-16T13:50:28+00:00","dateModified":"2026-05-07T17:58:25+00:00","breadcrumb":{"@id":"https:\/\/www.tipsterpage.com\/nosotros\/#breadcrumb"},"inLanguage":"pt-BR","potentialAction":[{"@type":"ReadAction","target":["https:\/\/www.tipsterpage.com\/nosotros\/"]}]},{"@type":"ImageObject","inLanguage":"pt-BR","@id":"https:\/\/www.tipsterpage.com\/nosotros\/#primaryimage","url":"https:\/\/www.tipsterpage.com\/wp-content\/uploads\/elementor\/thumbs\/2daaa15efd6fccf18ef8eaa3530250f2567e30ad-rlf609o7ihf2bf5qopznebz6gfawsmzsogz7f85t40.webp","contentUrl":"https:\/\/www.tipsterpage.com\/wp-content\/uploads\/elementor\/thumbs\/2daaa15efd6fccf18ef8eaa3530250f2567e30ad-rlf609o7ihf2bf5qopznebz6gfawsmzsogz7f85t40.webp"},{"@type":"BreadcrumbList","@id":"https:\/\/www.tipsterpage.com\/nosotros\/#breadcrumb","itemListElement":[{"@type":"ListItem","position":1,"name":"Home","item":"https:\/\/www.tipsterpage.com\/"},{"@type":"ListItem","position":2,"name":"Nosotros"}]},{"@type":"WebSite","@id":"https:\/\/www.tipsterpage.com\/#website","url":"https:\/\/www.tipsterpage.com\/","name":"Tipsterpage","description":"","potentialAction":[{"@type":"SearchAction","target":{"@type":"EntryPoint","urlTemplate":"https:\/\/www.tipsterpage.com\/?s={search_term_string}"},"query-input":{"@type":"PropertyValueSpecification","valueRequired":true,"valueName":"search_term_string"}}],"inLanguage":"pt-BR"}]}},"_links":{"self":[{"href":"https:\/\/www.tipsterpage.com\/pt_br\/wp-json\/wp\/v2\/pages\/255","targetHints":{"allow":["GET"]}}],"collection":[{"href":"https:\/\/www.tipsterpage.com\/pt_br\/wp-json\/wp\/v2\/pages"}],"about":[{"href":"https:\/\/www.tipsterpage.com\/pt_br\/wp-json\/wp\/v2\/types\/page"}],"author":[{"embeddable":true,"href":"https:\/\/www.tipsterpage.com\/pt_br\/wp-json\/wp\/v2\/users\/2"}],"replies":[{"embeddable":true,"href":"https:\/\/www.tipsterpage.com\/pt_br\/wp-json\/wp\/v2\/comments?post=255"}],"version-history":[{"count":16,"href":"https:\/\/www.tipsterpage.com\/pt_br\/wp-json\/wp\/v2\/pages\/255\/revisions"}],"predecessor-version":[{"id":1266,"href":"https:\/\/www.tipsterpage.com\/pt_br\/wp-json\/wp\/v2\/pages\/255\/revisions\/1266"}],"wp:attachment":[{"href":"https:\/\/www.tipsterpage.com\/pt_br\/wp-json\/wp\/v2\/media?parent=255"}],"curies":[{"name":"wp","href":"https:\/\/api.w.org\/{rel}","templated":true}]}}